{"id":41,"date":"2025-09-04T00:22:27","date_gmt":"2025-09-04T00:22:27","guid":{"rendered":"https:\/\/onipresentes.com.br\/?post_type=product&#038;p=41"},"modified":"2025-09-06T16:20:14","modified_gmt":"2025-09-06T16:20:14","slug":"lencol-avulso-estampado-microfibra-com-elastico-queen-sortido","status":"publish","type":"product","link":"https:\/\/onipresentes.com.br\/?product=lencol-avulso-estampado-microfibra-com-elastico-queen-sortido","title":{"rendered":"Len\u00e7ol Avulso Estampado Microfibra Com el\u00e1stico Queen sortido"},"content":{"rendered":"<h2>Transforme Suas Noites com Jogos de Cama Camesa<\/h2>\n<p>Os Jogos de Cama Camesa s\u00e3o a combina\u00e7\u00e3o perfeita entre conforto, praticidade e estilo. Feitos com 100% poli\u00e9ster, esses jogos de cama trazem para o seu lar uma experi\u00eancia de descanso incompar\u00e1vel. Com tecido de 150 fios, a linha foi cuidadosamente projetada para oferecer maciez superior, proporcionando um toque suave e acolhedor todas as noites. Diga adeus ao desconforto e ofere\u00e7a \u00e0 sua fam\u00edlia ou a voc\u00ea mesmo noites tranquilas e revigorantes.<\/p>\n<h2>Estampas Exclusivas para Cada Estilo de Quarto<\/h2>\n<p>Seja para um quarto moderno, cl\u00e1ssico ou descontra\u00eddo, os Jogos de Cama Camesa apresentam estampas exclusivas que combinam com qualquer tipo de decora\u00e7\u00e3o. A est\u00e9tica elegante e sofisticada das estampas adiciona um toque especial, permitindo que voc\u00ea personalize a sua cama sem esfor\u00e7o. Torne o seu quarto ainda mais bonito e aconchegante com essas combina\u00e7\u00f5es de design que refletem sua personalidade e criatividade.<\/p>\n<h2>Praticidade que Facilita o Seu Dia a Dia<\/h2>\n<p>A Camesa entende que a rotina atual exige solu\u00e7\u00f5es pr\u00e1ticas e inteligentes. Por isso, os jogos de cama s\u00e3o f\u00e1ceis de lavar e secam rapidamente. Voc\u00ea n\u00e3o precisa se preocupar em passar o tecido ap\u00f3s a lavagem, pois ele mant\u00e9m sua boa apar\u00eancia sem esfor\u00e7o extra. Economize tempo sem abrir m\u00e3o de qualidade e estilo. \u00c9 uma escolha inteligente para quem valoriza funcionalidade aliada a conforto.<\/p>\n<p>Com os Jogos de Cama Camesa, voc\u00ea tem tudo o que precisa para transformar suas noites de sono em momentos de verdadeiro prazer e bem-estar. Invista em qualidade, estilo e praticidade, deixando seu quarto muito mais bonito. Experimente hoje mesmo e descubra o que significa dormir com conforto inigual\u00e1vel.<\/p>\n","protected":false},"excerpt":{"rendered":"<p>Facilidade na lavagem &#8211; Conforto e maciez &#8211; Bom caimento na cama<\/p>\n<p>1 Len\u00e7ol de Baixo = 1,98m x 1,58m para colch\u00e3o de at\u00e9 30cm de altura.<\/p>\n","protected":false},"featured_media":29,"comment_status":"open","ping_status":"closed","template":"","meta":[],"product_brand":[19],"product_cat":[21],"product_tag":[17],"class_list":{"0":"post-41","1":"product","2":"type-product","3":"status-publish","4":"has-post-thumbnail","6":"product_brand-camesa","7":"product_cat-lencol","8":"product_tag-lencol","10":"first","11":"instock","12":"sale","13":"taxable","14":"shipping-taxable","15":"purchasable","16":"product-type-simple"},"_links":{"self":[{"href":"https:\/\/onipresentes.com.br\/index.php?rest_route=\/wp\/v2\/product\/41","targetHints":{"allow":["GET"]}}],"collection":[{"href":"https:\/\/onipresentes.com.br\/index.php?rest_route=\/wp\/v2\/product"}],"about":[{"href":"https:\/\/onipresentes.com.br\/index.php?rest_route=\/wp\/v2\/types\/product"}],"replies":[{"embeddable":true,"href":"https:\/\/onipresentes.com.br\/index.php?rest_route=%2Fwp%2Fv2%2Fcomments&post=41"}],"wp:featuredmedia":[{"embeddable":true,"href":"https:\/\/onipresentes.com.br\/index.php?rest_route=\/wp\/v2\/media\/29"}],"wp:attachment":[{"href":"https:\/\/onipresentes.com.br\/index.php?rest_route=%2Fwp%2Fv2%2Fmedia&parent=41"}],"wp:term":[{"taxonomy":"product_brand","embeddable":true,"href":"https:\/\/onipresentes.com.br\/index.php?rest_route=%2Fwp%2Fv2%2Fproduct_brand&post=41"},{"taxonomy":"product_cat","embeddable":true,"href":"https:\/\/onipresentes.com.br\/index.php?rest_route=%2Fwp%2Fv2%2Fproduct_cat&post=41"},{"taxonomy":"product_tag","embeddable":true,"href":"https:\/\/onipresentes.com.br\/index.php?rest_route=%2Fwp%2Fv2%2Fproduct_tag&post=41"}],"curies":[{"name":"wp","href":"https:\/\/api.w.org\/{rel}","templated":true}]}}