{"id":80,"date":"2025-09-05T23:31:31","date_gmt":"2025-09-05T23:31:31","guid":{"rendered":"https:\/\/onipresentes.com.br\/?post_type=product&#038;p=80"},"modified":"2025-11-30T21:48:33","modified_gmt":"2025-11-30T21:48:33","slug":"fronha-microfibra-est-avulsa-unitaria-50-x-70-sortido","status":"publish","type":"product","link":"https:\/\/onipresentes.com.br\/?product=fronha-microfibra-est-avulsa-unitaria-50-x-70-sortido","title":{"rendered":"Fronha Microfibra Est. Avulsa Unitaria 50 X 70 Sortido"},"content":{"rendered":"<p>Os Jogos de Cama Camesa trazem conforto e maciez para suas noites de sono. Em estampas que combinam com seu estilo de quarto, s\u00e3o pr\u00e1ticos,f\u00e1ceis de lavar e secam rapidamente, sem precisar passar. A Linha \u00e9 fabricada em 100% Poli\u00e9ster, super macia e confeccionada em tecido 150 fios com estampas exclusivas, que ir\u00e3o deixar seu quarto muito mais bonito e sofisticado.<\/p>\n","protected":false},"excerpt":{"rendered":"<p>Facilidade na lavagem &#8211; Conforto e maciez &#8211; Bom caimento na cama<\/p>\n","protected":false},"featured_media":30,"comment_status":"open","ping_status":"closed","template":"","meta":[],"product_brand":[19],"product_cat":[18],"product_tag":[20],"class_list":{"0":"post-80","1":"product","2":"type-product","3":"status-publish","4":"has-post-thumbnail","6":"product_brand-camesa","7":"product_cat-fronha","8":"product_tag-fronha","10":"first","11":"instock","12":"sale","13":"taxable","14":"shipping-taxable","15":"purchasable","16":"product-type-simple"},"_links":{"self":[{"href":"https:\/\/onipresentes.com.br\/index.php?rest_route=\/wp\/v2\/product\/80","targetHints":{"allow":["GET"]}}],"collection":[{"href":"https:\/\/onipresentes.com.br\/index.php?rest_route=\/wp\/v2\/product"}],"about":[{"href":"https:\/\/onipresentes.com.br\/index.php?rest_route=\/wp\/v2\/types\/product"}],"replies":[{"embeddable":true,"href":"https:\/\/onipresentes.com.br\/index.php?rest_route=%2Fwp%2Fv2%2Fcomments&post=80"}],"wp:featuredmedia":[{"embeddable":true,"href":"https:\/\/onipresentes.com.br\/index.php?rest_route=\/wp\/v2\/media\/30"}],"wp:attachment":[{"href":"https:\/\/onipresentes.com.br\/index.php?rest_route=%2Fwp%2Fv2%2Fmedia&parent=80"}],"wp:term":[{"taxonomy":"product_brand","embeddable":true,"href":"https:\/\/onipresentes.com.br\/index.php?rest_route=%2Fwp%2Fv2%2Fproduct_brand&post=80"},{"taxonomy":"product_cat","embeddable":true,"href":"https:\/\/onipresentes.com.br\/index.php?rest_route=%2Fwp%2Fv2%2Fproduct_cat&post=80"},{"taxonomy":"product_tag","embeddable":true,"href":"https:\/\/onipresentes.com.br\/index.php?rest_route=%2Fwp%2Fv2%2Fproduct_tag&post=80"}],"curies":[{"name":"wp","href":"https:\/\/api.w.org\/{rel}","templated":true}]}}