{"id":81,"date":"2025-09-05T23:46:30","date_gmt":"2025-09-05T23:46:30","guid":{"rendered":"https:\/\/onipresentes.com.br\/?post_type=product&#038;p=81"},"modified":"2025-09-05T23:48:05","modified_gmt":"2025-09-05T23:48:05","slug":"lencol-micr-tinto-c-elastico-avulso-casal-sortido","status":"publish","type":"product","link":"https:\/\/onipresentes.com.br\/?product=lencol-micr-tinto-c-elastico-avulso-casal-sortido","title":{"rendered":"Lencol Micr.tinto C\/ Elastico Avulso Casal Sortido"},"content":{"rendered":"<p>Os Jogos de Cama Camesa trazem conforto e maciez para suas noites de sono. Em estampas que combinam com seu estilo de quarto, s\u00e3o pr\u00e1ticos,f\u00e1ceis de lavar e secam rapidamente, sem precisar passar. A Linha \u00e9 fabricada em 100% Poli\u00e9ster, super macia e confeccionada em tecido 150 fios com estampas exclusivas, que ir\u00e3o deixar seu quarto muito mais bonito e sofisticado<\/p>\n","protected":false},"excerpt":{"rendered":"<p>1 Len\u00e7ol de Baixo = 1,88m x 1,38m para colch\u00e3o de at\u00e9 20cm de altura.<\/p>\n","protected":false},"featured_media":25,"comment_status":"open","ping_status":"closed","template":"","meta":[],"product_brand":[19],"product_cat":[21],"product_tag":[17],"class_list":{"0":"post-81","1":"product","2":"type-product","3":"status-publish","4":"has-post-thumbnail","6":"product_brand-camesa","7":"product_cat-lencol","8":"product_tag-lencol","10":"first","11":"instock","12":"sale","13":"taxable","14":"shipping-taxable","15":"purchasable","16":"product-type-simple"},"_links":{"self":[{"href":"https:\/\/onipresentes.com.br\/index.php?rest_route=\/wp\/v2\/product\/81","targetHints":{"allow":["GET"]}}],"collection":[{"href":"https:\/\/onipresentes.com.br\/index.php?rest_route=\/wp\/v2\/product"}],"about":[{"href":"https:\/\/onipresentes.com.br\/index.php?rest_route=\/wp\/v2\/types\/product"}],"replies":[{"embeddable":true,"href":"https:\/\/onipresentes.com.br\/index.php?rest_route=%2Fwp%2Fv2%2Fcomments&post=81"}],"wp:featuredmedia":[{"embeddable":true,"href":"https:\/\/onipresentes.com.br\/index.php?rest_route=\/wp\/v2\/media\/25"}],"wp:attachment":[{"href":"https:\/\/onipresentes.com.br\/index.php?rest_route=%2Fwp%2Fv2%2Fmedia&parent=81"}],"wp:term":[{"taxonomy":"product_brand","embeddable":true,"href":"https:\/\/onipresentes.com.br\/index.php?rest_route=%2Fwp%2Fv2%2Fproduct_brand&post=81"},{"taxonomy":"product_cat","embeddable":true,"href":"https:\/\/onipresentes.com.br\/index.php?rest_route=%2Fwp%2Fv2%2Fproduct_cat&post=81"},{"taxonomy":"product_tag","embeddable":true,"href":"https:\/\/onipresentes.com.br\/index.php?rest_route=%2Fwp%2Fv2%2Fproduct_tag&post=81"}],"curies":[{"name":"wp","href":"https:\/\/api.w.org\/{rel}","templated":true}]}}