{"id":87,"date":"2025-09-06T00:09:24","date_gmt":"2025-09-06T00:09:24","guid":{"rendered":"https:\/\/onipresentes.com.br\/?post_type=product&#038;p=87"},"modified":"2025-11-04T17:21:45","modified_gmt":"2025-11-04T17:21:45","slug":"toalha-linea-265g-m2-por-cor-banho-62x120-vermelho-verde-azul-rosa-bege-turquesa","status":"publish","type":"product","link":"https:\/\/onipresentes.com.br\/?product=toalha-linea-265g-m2-por-cor-banho-62x120-vermelho-verde-azul-rosa-bege-turquesa","title":{"rendered":"Toalha de Banho 62&#215;120 &#8211;  Kit com 6 &#8211; Verde, Azul, Rosa, Bege, Vermelho e Turquesa"},"content":{"rendered":"<p>Toalha Linea 265g M2 Por Cor Banho 62&#215;120<\/p>\n<p>Com esta toalha, o seu banho passa a ser mais alegre, leve, prazeroso e relaxante. As pe\u00e7as s\u00e3o felpudas e macias. Sua composi\u00e7\u00e3o possui 99% de algod\u00e3o e 1% de poli\u00e9ster, que garantem flexibilidade, maciez e durabilidade do tecido. Com fia\u00e7\u00e3o cardada, as pe\u00e7as ganham tamb\u00e9m um estiloso detalhe de barra para sofisticar ainda mais o seu momento de cuidado pessoal. Ideal para deixar o momento do banho completo.<\/p>\n","protected":false},"excerpt":{"rendered":"<p>Leveza, maciez e durabilidade.<\/p>\n","protected":false},"featured_media":301,"comment_status":"open","ping_status":"closed","template":"","meta":[],"product_brand":[19],"product_cat":[22],"product_tag":[24],"class_list":{"0":"post-87","1":"product","2":"type-product","3":"status-publish","4":"has-post-thumbnail","6":"product_brand-camesa","7":"product_cat-toalha-de-banho","8":"product_tag-toalha-de-banho","10":"first","11":"instock","12":"sale","13":"taxable","14":"shipping-taxable","15":"purchasable","16":"product-type-simple"},"_links":{"self":[{"href":"https:\/\/onipresentes.com.br\/index.php?rest_route=\/wp\/v2\/product\/87","targetHints":{"allow":["GET"]}}],"collection":[{"href":"https:\/\/onipresentes.com.br\/index.php?rest_route=\/wp\/v2\/product"}],"about":[{"href":"https:\/\/onipresentes.com.br\/index.php?rest_route=\/wp\/v2\/types\/product"}],"replies":[{"embeddable":true,"href":"https:\/\/onipresentes.com.br\/index.php?rest_route=%2Fwp%2Fv2%2Fcomments&post=87"}],"wp:featuredmedia":[{"embeddable":true,"href":"https:\/\/onipresentes.com.br\/index.php?rest_route=\/wp\/v2\/media\/301"}],"wp:attachment":[{"href":"https:\/\/onipresentes.com.br\/index.php?rest_route=%2Fwp%2Fv2%2Fmedia&parent=87"}],"wp:term":[{"taxonomy":"product_brand","embeddable":true,"href":"https:\/\/onipresentes.com.br\/index.php?rest_route=%2Fwp%2Fv2%2Fproduct_brand&post=87"},{"taxonomy":"product_cat","embeddable":true,"href":"https:\/\/onipresentes.com.br\/index.php?rest_route=%2Fwp%2Fv2%2Fproduct_cat&post=87"},{"taxonomy":"product_tag","embeddable":true,"href":"https:\/\/onipresentes.com.br\/index.php?rest_route=%2Fwp%2Fv2%2Fproduct_tag&post=87"}],"curies":[{"name":"wp","href":"https:\/\/api.w.org\/{rel}","templated":true}]}}